{"id":7469,"date":"2025-02-19T16:42:16","date_gmt":"2025-02-19T15:42:16","guid":{"rendered":"https:\/\/riad-dar-augusta.com\/?page_id=7469"},"modified":"2025-12-04T18:18:29","modified_gmt":"2025-12-04T17:18:29","slug":"a-propos","status":"publish","type":"page","link":"https:\/\/riad-dar-augusta.com\/es\/acerca-de\/","title":{"rendered":"acerca de"},"content":{"rendered":"<div data-elementor-type=\"wp-page\" data-elementor-id=\"7469\" class=\"elementor elementor-7469\" data-elementor-post-type=\"page\">\n\t\t\t\t\t\t<section class=\"elementor-section elementor-top-section elementor-element elementor-element-f3be93c elementor-section-stretched elementor-section-content-middle elementor-section-boxed elementor-section-height-default elementor-section-height-default\" data-id=\"f3be93c\" data-element_type=\"section\" data-e-type=\"section\" data-settings=\"{&quot;stretch_section&quot;:&quot;section-stretched&quot;,&quot;background_background&quot;:&quot;classic&quot;}\">\n\t\t\t\t\t\t\t<div class=\"elementor-background-overlay\"><\/div>\n\t\t\t\t\t\t\t<div class=\"elementor-container elementor-column-gap-default\">\n\t\t\t\t\t<div class=\"elementor-column elementor-col-100 elementor-top-column elementor-element elementor-element-c50f8ac\" data-id=\"c50f8ac\" data-element_type=\"column\" data-e-type=\"column\">\n\t\t\t<div class=\"elementor-widget-wrap elementor-element-populated\">\n\t\t\t\t\t\t<div class=\"elementor-element elementor-element-2b2bce58 elementor-widget elementor-widget-heading\" data-id=\"2b2bce58\" data-element_type=\"widget\" data-e-type=\"widget\" data-widget_type=\"heading.default\">\n\t\t\t\t<div class=\"elementor-widget-container\">\n\t\t\t\t\t<h1 class=\"elementor-heading-title elementor-size-default\">acerca de<\/h1>\t\t\t\t<\/div>\n\t\t\t\t<\/div>\n\t\t\t\t\t<\/div>\n\t\t<\/div>\n\t\t\t\t\t<\/div>\n\t\t<\/section>\n\t\t\t\t<section class=\"elementor-section elementor-top-section elementor-element elementor-element-3ef657f8 elementor-section-content-bottom elementor-section-full_width elementor-section-height-default elementor-section-height-default\" data-id=\"3ef657f8\" data-element_type=\"section\" data-e-type=\"section\">\n\t\t\t\t\t\t<div class=\"elementor-container elementor-column-gap-default\">\n\t\t\t\t\t<div class=\"elementor-column elementor-col-50 elementor-top-column elementor-element elementor-element-6769bcc3\" data-id=\"6769bcc3\" data-element_type=\"column\" data-e-type=\"column\">\n\t\t\t<div class=\"elementor-widget-wrap elementor-element-populated\">\n\t\t\t\t\t\t<div class=\"elementor-element elementor-element-f31ccc1 elementor-widget elementor-widget-heading\" data-id=\"f31ccc1\" data-element_type=\"widget\" data-e-type=\"widget\" data-widget_type=\"heading.default\">\n\t\t\t\t<div class=\"elementor-widget-container\">\n\t\t\t\t\t<h1 class=\"elementor-heading-title elementor-size-default\">Una experiencia \u00fanica en el coraz\u00f3n de Marrakech<\/h1>\t\t\t\t<\/div>\n\t\t\t\t<\/div>\n\t\t\t\t<div class=\"elementor-element elementor-element-57a26678 elementor-widget elementor-widget-heading\" data-id=\"57a26678\" data-element_type=\"widget\" data-e-type=\"widget\" data-widget_type=\"heading.default\">\n\t\t\t\t<div class=\"elementor-widget-container\">\n\t\t\t\t\t<p class=\"elementor-heading-title elementor-size-default\">Bienvenido al Riad Dar Augusta, un remanso de paz situado en el verdadero coraz\u00f3n de la Medina de Marrakech, a dos pasos del Palacio Real y a solo unos minutos de los lugares emblem\u00e1ticos de la ciudad, como la plaza Jemaa El-Fna y las Tumbas Saad\u00edes.<\/p>\t\t\t\t<\/div>\n\t\t\t\t<\/div>\n\t\t\t\t<div class=\"elementor-element elementor-element-99185e8 elementor-widget elementor-widget-heading\" data-id=\"99185e8\" data-element_type=\"widget\" data-e-type=\"widget\" data-widget_type=\"heading.default\">\n\t\t\t\t<div class=\"elementor-widget-container\">\n\t\t\t\t\t<p class=\"elementor-heading-title elementor-size-default\">Desde hace m\u00e1s de 10 a\u00f1os, nuestro Riad encarna la autenticidad y la elegancia marroqu\u00ed, ofreciendo a nuestros hu\u00e9spedes una estancia memorable que combina comodidad, tradici\u00f3n y descubrimiento.\n<\/p>\t\t\t\t<\/div>\n\t\t\t\t<\/div>\n\t\t\t\t\t<\/div>\n\t\t<\/div>\n\t\t\t\t<div class=\"elementor-column elementor-col-50 elementor-top-column elementor-element elementor-element-5ecd0adf\" data-id=\"5ecd0adf\" data-element_type=\"column\" data-e-type=\"column\">\n\t\t\t<div class=\"elementor-widget-wrap elementor-element-populated\">\n\t\t\t\t\t\t<div class=\"elementor-element elementor-element-977442d elementor-widget elementor-widget-image\" data-id=\"977442d\" data-element_type=\"widget\" data-e-type=\"widget\" data-widget_type=\"image.default\">\n\t\t\t\t<div class=\"elementor-widget-container\">\n\t\t\t\t\t\t\t\t\t\t\t\t\t\t\t<img fetchpriority=\"high\" decoding=\"async\" width=\"512\" height=\"512\" src=\"https:\/\/riad-dar-augusta.com\/wp-content\/uploads\/2025\/02\/Favicone-2.png\" class=\"attachment-medium_large size-medium_large wp-image-7379\" alt=\"\" srcset=\"https:\/\/riad-dar-augusta.com\/wp-content\/uploads\/2025\/02\/Favicone-2.png 512w, https:\/\/riad-dar-augusta.com\/wp-content\/uploads\/2025\/02\/Favicone-2-300x300.png 300w, https:\/\/riad-dar-augusta.com\/wp-content\/uploads\/2025\/02\/Favicone-2-150x150.png 150w, https:\/\/riad-dar-augusta.com\/wp-content\/uploads\/2025\/02\/Favicone-2-100x100.png 100w\" sizes=\"(max-width: 512px) 100vw, 512px\" \/>\t\t\t\t\t\t\t\t\t\t\t\t\t\t\t<\/div>\n\t\t\t\t<\/div>\n\t\t\t\t\t<\/div>\n\t\t<\/div>\n\t\t\t\t\t<\/div>\n\t\t<\/section>\n\t\t<div class=\"elementor-element elementor-element-7d62796 e-flex e-con-boxed e-con e-parent\" data-id=\"7d62796\" data-element_type=\"container\" data-e-type=\"container\">\n\t\t\t\t\t<div class=\"e-con-inner\">\n\t\t\t\t<div class=\"elementor-element elementor-element-b28eba8 elementor-widget elementor-widget-spacer\" data-id=\"b28eba8\" data-element_type=\"widget\" data-e-type=\"widget\" data-widget_type=\"spacer.default\">\n\t\t\t\t<div class=\"elementor-widget-container\">\n\t\t\t\t\t\t\t<div class=\"elementor-spacer\">\n\t\t\t<div class=\"elementor-spacer-inner\"><\/div>\n\t\t<\/div>\n\t\t\t\t\t\t<\/div>\n\t\t\t\t<\/div>\n\t\t\t\t\t<\/div>\n\t\t\t\t<\/div>\n\t\t\t\t<section class=\"elementor-section elementor-top-section elementor-element elementor-element-3c8b3edf elementor-section-content-middle elementor-section-stretched elementor-section-boxed elementor-section-height-default elementor-section-height-default\" data-id=\"3c8b3edf\" data-element_type=\"section\" data-e-type=\"section\" data-settings=\"{&quot;stretch_section&quot;:&quot;section-stretched&quot;,&quot;background_background&quot;:&quot;classic&quot;}\">\n\t\t\t\t\t\t\t<div class=\"elementor-background-overlay\"><\/div>\n\t\t\t\t\t\t\t<div class=\"elementor-container elementor-column-gap-default\">\n\t\t\t\t\t<div class=\"elementor-column elementor-col-100 elementor-top-column elementor-element elementor-element-774ded2\" data-id=\"774ded2\" data-element_type=\"column\" data-e-type=\"column\">\n\t\t\t<div class=\"elementor-widget-wrap elementor-element-populated\">\n\t\t\t\t\t\t<div class=\"elementor-element elementor-element-1b5d146 elementor-widget elementor-widget-heading\" data-id=\"1b5d146\" data-element_type=\"widget\" data-e-type=\"widget\" data-widget_type=\"heading.default\">\n\t\t\t\t<div class=\"elementor-widget-container\">\n\t\t\t\t\t<h1 class=\"elementor-heading-title elementor-size-default\">Una historia de pasi\u00f3n y encuentro<\/h1>\t\t\t\t<\/div>\n\t\t\t\t<\/div>\n\t\t\t\t<section class=\"elementor-section elementor-inner-section elementor-element elementor-element-90b5a49 elementor-section-height-min-height animated-slow elementor-section-boxed elementor-section-height-default elementor-invisible\" data-id=\"90b5a49\" data-element_type=\"section\" data-e-type=\"section\" data-settings=\"{&quot;animation&quot;:&quot;fadeIn&quot;}\">\n\t\t\t\t\t\t<div class=\"elementor-container elementor-column-gap-wide\">\n\t\t\t\t\t<div class=\"elementor-column elementor-col-50 elementor-inner-column elementor-element elementor-element-aa4d091\" data-id=\"aa4d091\" data-element_type=\"column\" data-e-type=\"column\">\n\t\t\t<div class=\"elementor-widget-wrap elementor-element-populated\">\n\t\t\t\t\t\t<div class=\"elementor-element elementor-element-bb94aa8 elementor-widget elementor-widget-heading\" data-id=\"bb94aa8\" data-element_type=\"widget\" data-e-type=\"widget\" data-widget_type=\"heading.default\">\n\t\t\t\t<div class=\"elementor-widget-container\">\n\t\t\t\t\t<p class=\"elementor-heading-title elementor-size-default\">Riad Dar Augusta es ante todo una bella aventura humana, nacida del encuentro entre Bouchra, originaria de Taroudant y apasionada de la cocina, y J\u00e9r\u00f4me, un experto en turismo de golf con m\u00e1s de 20 a\u00f1os de experiencia. Juntos han creado un lugar donde la hospitalidad marroqu\u00ed se combina con un servicio personalizado de alta gama.<\/p>\t\t\t\t<\/div>\n\t\t\t\t<\/div>\n\t\t\t\t<div class=\"elementor-element elementor-element-545a5f1 elementor-widget elementor-widget-heading\" data-id=\"545a5f1\" data-element_type=\"widget\" data-e-type=\"widget\" data-widget_type=\"heading.default\">\n\t\t\t\t<div class=\"elementor-widget-container\">\n\t\t\t\t\t<p class=\"elementor-heading-title elementor-size-default\">Bouchra celebra los aut\u00e9nticos sabores de Marruecos a trav\u00e9s de una cocina generosa y sabrosa, inspirada en recetas tradicionales y preparada con productos frescos y locales. Por su parte, J\u00e9r\u00f4me aporta su experiencia para ofrecer experiencias a medida, ya sean excursiones, prestigiosos campos de golf o momentos de relajaci\u00f3n en el riad.<\/p>\t\t\t\t<\/div>\n\t\t\t\t<\/div>\n\t\t\t\t\t<\/div>\n\t\t<\/div>\n\t\t\t\t<div class=\"elementor-column elementor-col-50 elementor-inner-column elementor-element elementor-element-50842ab\" data-id=\"50842ab\" data-element_type=\"column\" data-e-type=\"column\">\n\t\t\t<div class=\"elementor-widget-wrap elementor-element-populated\">\n\t\t\t\t\t\t<div class=\"elementor-element elementor-element-eb3e759 elementor-widget elementor-widget-image\" data-id=\"eb3e759\" data-element_type=\"widget\" data-e-type=\"widget\" data-widget_type=\"image.default\">\n\t\t\t\t<div class=\"elementor-widget-container\">\n\t\t\t\t\t\t\t\t\t\t\t\t\t\t\t<img decoding=\"async\" width=\"1024\" height=\"713\" src=\"https:\/\/riad-dar-augusta.com\/wp-content\/uploads\/2025\/02\/Image-14-1024x713.jpg\" class=\"attachment-large size-large wp-image-8204\" alt=\"\" srcset=\"https:\/\/riad-dar-augusta.com\/wp-content\/uploads\/2025\/02\/Image-14-1024x713.jpg 1024w, https:\/\/riad-dar-augusta.com\/wp-content\/uploads\/2025\/02\/Image-14-600x418.jpg 600w, https:\/\/riad-dar-augusta.com\/wp-content\/uploads\/2025\/02\/Image-14-300x209.jpg 300w, https:\/\/riad-dar-augusta.com\/wp-content\/uploads\/2025\/02\/Image-14-768x535.jpg 768w, https:\/\/riad-dar-augusta.com\/wp-content\/uploads\/2025\/02\/Image-14.jpg 1031w\" sizes=\"(max-width: 1024px) 100vw, 1024px\" \/>\t\t\t\t\t\t\t\t\t\t\t\t\t\t\t<\/div>\n\t\t\t\t<\/div>\n\t\t\t\t\t<\/div>\n\t\t<\/div>\n\t\t\t\t\t<\/div>\n\t\t<\/section>\n\t\t\t\t<div class=\"elementor-element elementor-element-ac45285 elementor-widget elementor-widget-spacer\" data-id=\"ac45285\" data-element_type=\"widget\" data-e-type=\"widget\" data-widget_type=\"spacer.default\">\n\t\t\t\t<div class=\"elementor-widget-container\">\n\t\t\t\t\t\t\t<div class=\"elementor-spacer\">\n\t\t\t<div class=\"elementor-spacer-inner\"><\/div>\n\t\t<\/div>\n\t\t\t\t\t\t<\/div>\n\t\t\t\t<\/div>\n\t\t\t\t<div class=\"elementor-element elementor-element-b03d8c7 elementor-widget elementor-widget-heading\" data-id=\"b03d8c7\" data-element_type=\"widget\" data-e-type=\"widget\" data-widget_type=\"heading.default\">\n\t\t\t\t<div class=\"elementor-widget-container\">\n\t\t\t\t\t<p class=\"elementor-heading-title elementor-size-default\">Estamos orgullosos de ofrecer dos experiencias imperdibles:<\/p>\t\t\t\t<\/div>\n\t\t\t\t<\/div>\n\t\t\t\t<section class=\"elementor-section elementor-inner-section elementor-element elementor-element-c1fb96a elementor-section-height-min-height animated-slow elementor-section-boxed elementor-section-height-default elementor-invisible\" data-id=\"c1fb96a\" data-element_type=\"section\" data-e-type=\"section\" data-settings=\"{&quot;animation&quot;:&quot;fadeIn&quot;}\">\n\t\t\t\t\t\t<div class=\"elementor-container elementor-column-gap-wide\">\n\t\t\t\t\t<div class=\"elementor-column elementor-col-50 elementor-inner-column elementor-element elementor-element-3bf88248\" data-id=\"3bf88248\" data-element_type=\"column\" data-e-type=\"column\">\n\t\t\t<div class=\"elementor-widget-wrap elementor-element-populated\">\n\t\t\t\t\t\t<div class=\"elementor-element elementor-element-e06d517 elementor-position-left elementor-vertical-align-middle envato-kit-140-imagebox-nospace elementor-widget elementor-widget-image-box\" data-id=\"e06d517\" data-element_type=\"widget\" data-e-type=\"widget\" data-widget_type=\"image-box.default\">\n\t\t\t\t<div class=\"elementor-widget-container\">\n\t\t\t\t\t<div class=\"elementor-image-box-wrapper\"><figure class=\"elementor-image-box-img\"><img decoding=\"async\" src=\"https:\/\/riad-dar-augusta.com\/wp-content\/uploads\/elementor\/thumbs\/1-r1qmaeydsg1n90yknoqbxxouu0t9m1wt2n7bpzjyyg.png\" title=\"1\" alt=\"1\" class=\"elementor-animation-bob\" loading=\"lazy\" \/><\/figure><div class=\"elementor-image-box-content\"><div class=\"elementor-image-box-title\">Aut\u00e9ntica cocina marroqu\u00ed<\/div><p class=\"elementor-image-box-description\">Cocina marroqu\u00ed casera, preparada con cuidado y pasi\u00f3n por Bouchra, mostrando los aut\u00e9nticos sabores de la regi\u00f3n.<\/p><\/div><\/div>\t\t\t\t<\/div>\n\t\t\t\t<\/div>\n\t\t\t\t\t<\/div>\n\t\t<\/div>\n\t\t\t\t<div class=\"elementor-column elementor-col-50 elementor-inner-column elementor-element elementor-element-7cf9dd6a\" data-id=\"7cf9dd6a\" data-element_type=\"column\" data-e-type=\"column\">\n\t\t\t<div class=\"elementor-widget-wrap elementor-element-populated\">\n\t\t\t\t\t\t<div class=\"elementor-element elementor-element-168c3436 elementor-position-left elementor-vertical-align-middle envato-kit-140-imagebox-nospace elementor-widget elementor-widget-image-box\" data-id=\"168c3436\" data-element_type=\"widget\" data-e-type=\"widget\" data-widget_type=\"image-box.default\">\n\t\t\t\t<div class=\"elementor-widget-container\">\n\t\t\t\t\t<div class=\"elementor-image-box-wrapper\"><figure class=\"elementor-image-box-img\"><img decoding=\"async\" src=\"https:\/\/riad-dar-augusta.com\/wp-content\/uploads\/elementor\/thumbs\/2-1-r1qmamh3b4bxtwnnfrzchvsjl3s7bmqnrof7k78tko.png\" title=\"2\" alt=\"2\" class=\"elementor-animation-bob\" loading=\"lazy\" \/><\/figure><div class=\"elementor-image-box-content\"><div class=\"elementor-image-box-title\">Golf en Marrakech: un servicio a medida<\/div><p class=\"elementor-image-box-description\">Asistencia personalizada para los amantes del golf, con asesoramiento y reservas en los campos m\u00e1s bonitos de Marrakech, accesibles en s\u00f3lo 10 a 20 minutos desde el Riad.<\/p><\/div><\/div>\t\t\t\t<\/div>\n\t\t\t\t<\/div>\n\t\t\t\t\t<\/div>\n\t\t<\/div>\n\t\t\t\t\t<\/div>\n\t\t<\/section>\n\t\t\t\t\t<\/div>\n\t\t<\/div>\n\t\t\t\t\t<\/div>\n\t\t<\/section>\n\t\t\t\t<section class=\"elementor-section elementor-top-section elementor-element elementor-element-be80836 elementor-section-content-bottom elementor-section-full_width elementor-section-height-default elementor-section-height-default\" data-id=\"be80836\" data-element_type=\"section\" data-e-type=\"section\">\n\t\t\t\t\t\t<div class=\"elementor-container elementor-column-gap-default\">\n\t\t\t\t\t<div class=\"elementor-column elementor-col-50 elementor-top-column elementor-element elementor-element-a5911be\" data-id=\"a5911be\" data-element_type=\"column\" data-e-type=\"column\">\n\t\t\t<div class=\"elementor-widget-wrap elementor-element-populated\">\n\t\t\t\t\t\t<div class=\"elementor-element elementor-element-ed5795e elementor-widget elementor-widget-image\" data-id=\"ed5795e\" data-element_type=\"widget\" data-e-type=\"widget\" data-widget_type=\"image.default\">\n\t\t\t\t<div class=\"elementor-widget-container\">\n\t\t\t\t\t\t\t\t\t\t\t\t\t\t\t<img decoding=\"async\" width=\"1080\" height=\"1080\" src=\"https:\/\/riad-dar-augusta.com\/wp-content\/uploads\/2025\/02\/Untitled-design-4.png\" class=\"attachment-full size-full wp-image-7394\" alt=\"\" srcset=\"https:\/\/riad-dar-augusta.com\/wp-content\/uploads\/2025\/02\/Untitled-design-4.png 1080w, https:\/\/riad-dar-augusta.com\/wp-content\/uploads\/2025\/02\/Untitled-design-4-300x300.png 300w, https:\/\/riad-dar-augusta.com\/wp-content\/uploads\/2025\/02\/Untitled-design-4-1024x1024.png 1024w, https:\/\/riad-dar-augusta.com\/wp-content\/uploads\/2025\/02\/Untitled-design-4-150x150.png 150w, https:\/\/riad-dar-augusta.com\/wp-content\/uploads\/2025\/02\/Untitled-design-4-768x768.png 768w, https:\/\/riad-dar-augusta.com\/wp-content\/uploads\/2025\/02\/Untitled-design-4-720x720.png 720w, https:\/\/riad-dar-augusta.com\/wp-content\/uploads\/2025\/02\/Untitled-design-4-600x600.png 600w, https:\/\/riad-dar-augusta.com\/wp-content\/uploads\/2025\/02\/Untitled-design-4-100x100.png 100w\" sizes=\"(max-width: 1080px) 100vw, 1080px\" \/>\t\t\t\t\t\t\t\t\t\t\t\t\t\t\t<\/div>\n\t\t\t\t<\/div>\n\t\t\t\t\t<\/div>\n\t\t<\/div>\n\t\t\t\t<div class=\"elementor-column elementor-col-50 elementor-top-column elementor-element elementor-element-9643861\" data-id=\"9643861\" data-element_type=\"column\" data-e-type=\"column\">\n\t\t\t<div class=\"elementor-widget-wrap elementor-element-populated\">\n\t\t\t\t\t\t<div class=\"elementor-element elementor-element-3708f3a elementor-widget elementor-widget-heading\" data-id=\"3708f3a\" data-element_type=\"widget\" data-e-type=\"widget\" data-widget_type=\"heading.default\">\n\t\t\t\t<div class=\"elementor-widget-container\">\n\t\t\t\t\t<h1 class=\"elementor-heading-title elementor-size-default\">Un Riad de ambiente c\u00e1lido y refinado.<\/h1>\t\t\t\t<\/div>\n\t\t\t\t<\/div>\n\t\t\t\t<div class=\"elementor-element elementor-element-76f427a elementor-widget elementor-widget-heading\" data-id=\"76f427a\" data-element_type=\"widget\" data-e-type=\"widget\" data-widget_type=\"heading.default\">\n\t\t\t\t<div class=\"elementor-widget-container\">\n\t\t\t\t\t<p class=\"elementor-heading-title elementor-size-default\">Nuestra casa de hu\u00e9spedes dispone de 9 habitaciones dobles, elegantemente decoradas en un estilo que combina el arte marroqu\u00ed y toques contempor\u00e1neos. Cada espacio ha sido dise\u00f1ado para ofrecer comodidad y serenidad, en un ambiente amigable e \u00edntimo.<\/p>\t\t\t\t<\/div>\n\t\t\t\t<\/div>\n\t\t\t\t\t<\/div>\n\t\t<\/div>\n\t\t\t\t\t<\/div>\n\t\t<\/section>\n\t\t<div class=\"elementor-element elementor-element-df2515d e-flex e-con-boxed e-con e-parent\" data-id=\"df2515d\" data-element_type=\"container\" data-e-type=\"container\">\n\t\t\t\t\t<div class=\"e-con-inner\">\n\t\t\t\t<div class=\"elementor-element elementor-element-cccdea2 elementor-widget elementor-widget-spacer\" data-id=\"cccdea2\" data-element_type=\"widget\" data-e-type=\"widget\" data-widget_type=\"spacer.default\">\n\t\t\t\t<div class=\"elementor-widget-container\">\n\t\t\t\t\t\t\t<div class=\"elementor-spacer\">\n\t\t\t<div class=\"elementor-spacer-inner\"><\/div>\n\t\t<\/div>\n\t\t\t\t\t\t<\/div>\n\t\t\t\t<\/div>\n\t\t\t\t\t<\/div>\n\t\t\t\t<\/div>\n\t\t\t\t<section class=\"elementor-section elementor-top-section elementor-element elementor-element-19ff65c8 elementor-section-content-middle elementor-section-stretched elementor-section-height-min-height elementor-section-items-stretch elementor-section-boxed elementor-section-height-default\" data-id=\"19ff65c8\" data-element_type=\"section\" data-e-type=\"section\" data-settings=\"{&quot;background_background&quot;:&quot;classic&quot;,&quot;stretch_section&quot;:&quot;section-stretched&quot;}\">\n\t\t\t\t\t\t\t<div class=\"elementor-background-overlay\"><\/div>\n\t\t\t\t\t\t\t<div class=\"elementor-container elementor-column-gap-default\">\n\t\t\t\t\t<div class=\"elementor-column elementor-col-100 elementor-top-column elementor-element elementor-element-8cdbd3d\" data-id=\"8cdbd3d\" data-element_type=\"column\" data-e-type=\"column\" data-settings=\"{&quot;background_background&quot;:&quot;classic&quot;}\">\n\t\t\t<div class=\"elementor-widget-wrap elementor-element-populated\">\n\t\t\t\t\t<div class=\"elementor-background-overlay\"><\/div>\n\t\t\t\t\t\t<div class=\"elementor-element elementor-element-b01652f elementor-widget elementor-widget-heading\" data-id=\"b01652f\" data-element_type=\"widget\" data-e-type=\"widget\" data-widget_type=\"heading.default\">\n\t\t\t\t<div class=\"elementor-widget-container\">\n\t\t\t\t\t<h1 class=\"elementor-heading-title elementor-size-default\">Una estancia inolvidable<\/h1>\t\t\t\t<\/div>\n\t\t\t\t<\/div>\n\t\t\t\t<div class=\"elementor-element elementor-element-6f981f3b elementor-widget-divider--view-line elementor-widget elementor-widget-divider\" data-id=\"6f981f3b\" data-element_type=\"widget\" data-e-type=\"widget\" data-widget_type=\"divider.default\">\n\t\t\t\t<div class=\"elementor-widget-container\">\n\t\t\t\t\t\t\t<div class=\"elementor-divider\">\n\t\t\t<span class=\"elementor-divider-separator\">\n\t\t\t\t\t\t<\/span>\n\t\t<\/div>\n\t\t\t\t\t\t<\/div>\n\t\t\t\t<\/div>\n\t\t\t\t<div class=\"elementor-element elementor-element-2f05c3c elementor-widget__width-initial elementor-widget elementor-widget-heading\" data-id=\"2f05c3c\" data-element_type=\"widget\" data-e-type=\"widget\" data-widget_type=\"heading.default\">\n\t\t\t\t<div class=\"elementor-widget-container\">\n\t\t\t\t\t<p class=\"elementor-heading-title elementor-size-default\">Ya sea para un fin de semana rom\u00e1ntico, una escapada con amigos o una estancia familiar, el Riad Dar Augusta le promete una inmersi\u00f3n \u00fanica en la magia de Marrakech.<\/p>\t\t\t\t<\/div>\n\t\t\t\t<\/div>\n\t\t\t\t<div class=\"elementor-element elementor-element-d3db822 elementor-widget elementor-widget-spacer\" data-id=\"d3db822\" data-element_type=\"widget\" data-e-type=\"widget\" data-widget_type=\"spacer.default\">\n\t\t\t\t<div class=\"elementor-widget-container\">\n\t\t\t\t\t\t\t<div class=\"elementor-spacer\">\n\t\t\t<div class=\"elementor-spacer-inner\"><\/div>\n\t\t<\/div>\n\t\t\t\t\t\t<\/div>\n\t\t\t\t<\/div>\n\t\t\t\t<div class=\"elementor-element elementor-element-3c0b7f4 elementor-widget elementor-widget-heading\" data-id=\"3c0b7f4\" data-element_type=\"widget\" data-e-type=\"widget\" data-widget_type=\"heading.default\">\n\t\t\t\t<div class=\"elementor-widget-container\">\n\t\t\t\t\t<p class=\"elementor-heading-title elementor-size-default\">Ven a vivir la experiencia Dar Augusta\u2026 y vete con un solo deseo: \u00a1volver!<\/p>\t\t\t\t<\/div>\n\t\t\t\t<\/div>\n\t\t\t\t\t<\/div>\n\t\t<\/div>\n\t\t\t\t\t<\/div>\n\t\t<\/section>\n\t\t\t\t<\/div>","protected":false},"excerpt":{"rendered":"<p>\u00e0 propos Une exp\u00e9rience unique au c\u0153ur de Marrakech Bienvenue au Riad Dar Augusta, un havre de paix nich\u00e9 au v\u00e9ritable c\u0153ur de la M\u00e9dina de Marrakech, \u00e0 deux pas du Palais Royal et \u00e0 seulement quelques minutes des sites embl\u00e9matiques de la ville, tels que la place Jemaa El-Fna et les Tombeaux Saadiens. Depuis [&hellip;]<\/p>","protected":false},"author":1,"featured_media":0,"parent":0,"menu_order":0,"comment_status":"closed","ping_status":"closed","template":"","meta":{"footnotes":""},"class_list":["post-7469","page","type-page","status-publish","hentry"],"_links":{"self":[{"href":"https:\/\/riad-dar-augusta.com\/es\/wp-json\/wp\/v2\/pages\/7469","targetHints":{"allow":["GET"]}}],"collection":[{"href":"https:\/\/riad-dar-augusta.com\/es\/wp-json\/wp\/v2\/pages"}],"about":[{"href":"https:\/\/riad-dar-augusta.com\/es\/wp-json\/wp\/v2\/types\/page"}],"author":[{"embeddable":true,"href":"https:\/\/riad-dar-augusta.com\/es\/wp-json\/wp\/v2\/users\/1"}],"replies":[{"embeddable":true,"href":"https:\/\/riad-dar-augusta.com\/es\/wp-json\/wp\/v2\/comments?post=7469"}],"version-history":[{"count":18,"href":"https:\/\/riad-dar-augusta.com\/es\/wp-json\/wp\/v2\/pages\/7469\/revisions"}],"predecessor-version":[{"id":8503,"href":"https:\/\/riad-dar-augusta.com\/es\/wp-json\/wp\/v2\/pages\/7469\/revisions\/8503"}],"wp:attachment":[{"href":"https:\/\/riad-dar-augusta.com\/es\/wp-json\/wp\/v2\/media?parent=7469"}],"curies":[{"name":"wp","href":"https:\/\/api.w.org\/{rel}","templated":true}]}}