{"id":2,"date":"2025-02-03T16:29:47","date_gmt":"2025-02-03T15:29:47","guid":{"rendered":"https:\/\/riad-dar-augusta.com\/?page_id=2"},"modified":"2025-02-03T16:29:47","modified_gmt":"2025-02-03T15:29:47","slug":"page-d-exemple","status":"publish","type":"page","link":"https:\/\/riad-dar-augusta.com\/es\/pagina-de-ejemplo\/","title":{"rendered":"Page d\u2019exemple"},"content":{"rendered":"<p>Esta es una p\u00e1gina de muestra. Es diferente de una publicaci\u00f3n de blog porque permanecer\u00e1 en un lugar y aparecer\u00e1 en la navegaci\u00f3n de su sitio (en la mayor\u00eda de los temas). La mayor\u00eda de las personas comienzan con una p\u00e1gina \u201cAcerca de\u201d que les presenta a las personas que visitan el sitio. Podr\u00eda verse algo as\u00ed:<\/p>\n\n\n\n<blockquote class=\"wp-block-quote is-layout-flow wp-block-quote-is-layout-flow\"><p>Buen d\u00eda ! Soy un mec\u00e1nico que aspira a ser actor, y este es mi sitio web. Vivo en Burdeos, tengo un perro estupendo llamado Russell y me encanta el vodka (y que me sorprenda la lluvia repentina durante largos paseos por la playa al atardecer).<\/p><\/blockquote>\n\n\n\n<p>\u2026o algo as\u00ed:<\/p>\n\n\n\n<blockquote class=\"wp-block-quote is-layout-flow wp-block-quote-is-layout-flow\"><p>La empresa 123 Machin Truc fue fundada en 1971 y desde entonces sigue ofreciendo al p\u00fablico art\u00edculos de calidad. 123 Machin Truc, situada en Saint-Remy-en-Bouzemont-Saint-Genest-et-Isson, emplea a 2.000 personas y fabrica todo tipo de aparatos interesantes para la comunidad de Bouzemont.<\/p><\/blockquote>\n\n\n\n<p>Como nuevo usuario de WordPress, debes dirigirte a <a href=\"https:\/\/riad-dar-augusta.com\/wp-admin\/\">tu tablero de instrumentos<\/a> para eliminar esta p\u00e1gina y crear nuevas p\u00e1ginas para su contenido. \u00a1Divertirse!<\/p>","protected":false},"excerpt":{"rendered":"<p>Ceci est une page d\u2019exemple. C\u2019est diff\u00e9rent d\u2019un article de blog parce qu\u2019elle restera au m\u00eame endroit et appara\u00eetra dans la navigation de votre site (dans la plupart des th\u00e8mes). La plupart des gens commencent par une page \u00ab\u00a0\u00c0 propos\u00a0\u00bb qui les pr\u00e9sente aux personnes visitant le site. Cela pourrait ressembler \u00e0 quelque chose comme [&hellip;]<\/p>","protected":false},"author":1,"featured_media":0,"parent":0,"menu_order":0,"comment_status":"closed","ping_status":"open","template":"","meta":{"footnotes":""},"class_list":["post-2","page","type-page","status-publish","hentry"],"_links":{"self":[{"href":"https:\/\/riad-dar-augusta.com\/es\/wp-json\/wp\/v2\/pages\/2","targetHints":{"allow":["GET"]}}],"collection":[{"href":"https:\/\/riad-dar-augusta.com\/es\/wp-json\/wp\/v2\/pages"}],"about":[{"href":"https:\/\/riad-dar-augusta.com\/es\/wp-json\/wp\/v2\/types\/page"}],"author":[{"embeddable":true,"href":"https:\/\/riad-dar-augusta.com\/es\/wp-json\/wp\/v2\/users\/1"}],"replies":[{"embeddable":true,"href":"https:\/\/riad-dar-augusta.com\/es\/wp-json\/wp\/v2\/comments?post=2"}],"version-history":[{"count":0,"href":"https:\/\/riad-dar-augusta.com\/es\/wp-json\/wp\/v2\/pages\/2\/revisions"}],"wp:attachment":[{"href":"https:\/\/riad-dar-augusta.com\/es\/wp-json\/wp\/v2\/media?parent=2"}],"curies":[{"name":"wp","href":"https:\/\/api.w.org\/{rel}","templated":true}]}}